{"id":2292,"date":"2022-07-06T19:11:55","date_gmt":"2022-07-06T19:11:55","guid":{"rendered":"http:\/\/packngoenvios.com\/?page_id=2292"},"modified":"2022-07-22T20:11:30","modified_gmt":"2022-07-22T20:11:30","slug":"us-postal-service","status":"publish","type":"page","link":"https:\/\/packngoenvios.com\/?page_id=2292","title":{"rendered":"USPS"},"content":{"rendered":"\t\t<div data-elementor-type=\"wp-page\" data-elementor-id=\"2292\" class=\"elementor elementor-2292\">\n\t\t\t\t\t\t<section class=\"elementor-section elementor-top-section elementor-element elementor-element-2eaea02 elementor-section-boxed elementor-section-height-default elementor-section-height-default\" data-id=\"2eaea02\" data-element_type=\"section\">\n\t\t\t\t\t\t<div class=\"elementor-container elementor-column-gap-default\">\n\t\t\t\t\t<div class=\"elementor-column elementor-col-100 elementor-top-column elementor-element elementor-element-506ff21\" data-id=\"506ff21\" data-element_type=\"column\">\n\t\t\t<div class=\"elementor-widget-wrap elementor-element-populated\">\n\t\t\t\t\t\t<div class=\"elementor-element elementor-element-7764e41 elementor-widget elementor-widget-image\" data-id=\"7764e41\" data-element_type=\"widget\" data-widget_type=\"image.default\">\n\t\t\t\t<div class=\"elementor-widget-container\">\n\t\t\t\t\t\t\t\t\t\t\t\t\t\t\t<img fetchpriority=\"high\" decoding=\"async\" width=\"1536\" height=\"927\" src=\"https:\/\/packngoenvios.com\/wp-content\/uploads\/2022\/07\/AdobeStock_297261773_Editorial_Use_Only-1536x927.jpeg\" class=\"attachment-1536x1536 size-1536x1536 wp-image-2315\" alt=\"\" srcset=\"https:\/\/packngoenvios.com\/wp-content\/uploads\/2022\/07\/AdobeStock_297261773_Editorial_Use_Only-1536x927.jpeg 1536w, https:\/\/packngoenvios.com\/wp-content\/uploads\/2022\/07\/AdobeStock_297261773_Editorial_Use_Only-scaled-600x362.jpeg 600w, https:\/\/packngoenvios.com\/wp-content\/uploads\/2022\/07\/AdobeStock_297261773_Editorial_Use_Only-300x181.jpeg 300w, https:\/\/packngoenvios.com\/wp-content\/uploads\/2022\/07\/AdobeStock_297261773_Editorial_Use_Only-1024x618.jpeg 1024w, https:\/\/packngoenvios.com\/wp-content\/uploads\/2022\/07\/AdobeStock_297261773_Editorial_Use_Only-768x463.jpeg 768w, https:\/\/packngoenvios.com\/wp-content\/uploads\/2022\/07\/AdobeStock_297261773_Editorial_Use_Only-2048x1236.jpeg 2048w, https:\/\/packngoenvios.com\/wp-content\/uploads\/2022\/07\/AdobeStock_297261773_Editorial_Use_Only-18x12.jpeg 18w\" sizes=\"(max-width: 1536px) 100vw, 1536px\" \/>\t\t\t\t\t\t\t\t\t\t\t\t\t\t\t<\/div>\n\t\t\t\t<\/div>\n\t\t\t\t\t<\/div>\n\t\t<\/div>\n\t\t\t\t\t<\/div>\n\t\t<\/section>\n\t\t\t\t<section class=\"elementor-section elementor-top-section elementor-element elementor-element-07dc96e elementor-section-boxed elementor-section-height-default elementor-section-height-default\" data-id=\"07dc96e\" data-element_type=\"section\">\n\t\t\t\t\t\t<div class=\"elementor-container elementor-column-gap-default\">\n\t\t\t\t\t<div class=\"elementor-column elementor-col-100 elementor-top-column elementor-element elementor-element-52df1ea\" data-id=\"52df1ea\" data-element_type=\"column\">\n\t\t\t<div class=\"elementor-widget-wrap elementor-element-populated\">\n\t\t\t\t\t\t<div class=\"elementor-element elementor-element-659f746 elementor-widget elementor-widget-text-editor\" data-id=\"659f746\" data-element_type=\"widget\" data-widget_type=\"text-editor.default\">\n\t\t\t\t<div class=\"elementor-widget-container\">\n\t\t\t\t\t\t\t\t\t<div class=\"skin_main\"><section class=\"skin_main\"><div class=\"skin_width\"><div class=\"skin_top_content\"><div class=\"LM_main_content clearafter\"><section class=\"LM_skin_content\"><div class=\"row dnnpane\"><div id=\"dnn_ContentPane\" class=\"content_grid12 col-sm-12\"><div class=\"DnnModule DnnModule-DNN_HTML DnnModule-78304\"><div class=\"notitle_container\"><div id=\"dnn_ctr78304_ContentPane\"><div id=\"dnn_ctr78304_ModuleContent\" class=\"DNNModuleContent ModDNNHTMLC\"><div id=\"dnn_ctr78304_HtmlModule_lblContent\" class=\"Normal\"><div class=\"ServiceBody\"><h1>Env\u00edo y correo del\u00a0Servicio Postal de los Estados Unidos (USPS) en Pembroke Pines, FL<\/h1><h2>Env\u00edo de cartas, Priority Mail\u00ae, Priority Mail Express\u00ae, correo internacional, sellos postales;\u00a0lo que sea, lo proporcionamos en Pack and Go<\/h2><p>Evite las largas filas, evite la oficina de correos y venga a\u00a0<strong>Pack and Go<\/strong>\u00a0, donde le garantizamos un servicio r\u00e1pido y eficiente con una sonrisa,\u00a0<em>todo por el precio justo.<\/em><\/p><p>Los carteros de la\u00a0<em><strong>Oficina de Correos de los Estados Unidos<\/strong><\/em>\u00a0pasan o realizan entregas en todas las direcciones de los Estados Unidos todos los d\u00edas, de lunes a s\u00e1bado (ya veces los domingos).\u00a0Este hecho hace que\u00a0<em><strong>USPS<\/strong><\/em>\u00a0sea diferente de todos los dem\u00e1s transportistas y es una de las razones por las que\u00a0<strong>Pack and Go<\/strong>\u00a0brinda un acceso f\u00e1cil y conveniente a todo lo relacionado con el correo.<\/p><p>Ya sea que necesite una sola estampilla o desee enviar un paquete de atenci\u00f3n a su hermana en el Cuerpo de Marines, estamos aqu\u00ed para ayudarlo.<\/p><p><strong>Pack and Go<\/strong>\u00a0es un remitente oficial\u00a0<em><strong>aprobado por USPS<\/strong><\/em>lo que nos califica para proporcionar varios productos y servicios postales convenientes.<\/p><\/div><h2>Servicios de env\u00edo y correo nacional e internacional<\/h2><div class=\"arrow_list_2col\"><ul><li><em>Estampillas y First Class Mail \u00ae \u00a0\u00a0\u00a0\u00a0\u00a0\u00a0<\/em><\/li><li><em>Priority Mail\u00ae<\/em><\/li><li><em>Poste est\u00e1ndar<\/em>\u00a0\u2122<\/li><li><em>Correo multimedia<\/em>\u00a0\u2122<\/li><li><em>Correo Certificado\u00ae<\/em><\/li><li><em>Confirmaci\u00f3n de firma<\/em>\u00a0\u2122<\/li><li><em>USPS rastreo<\/em><\/li><li>Priority\u00a0<em>Mail Express Internacional\u00ae<\/em><\/li><li><em>Priority Mail Express\u00ae (entrega garantizada)<\/em><\/li><li><em>Correo prioritario internacional<\/em>\u00a0\u00ae<\/li><\/ul><\/div><div><p>\u00bfNecesita sus art\u00edculos delicados, valiosos, sensibles al tiempo y sentimentales empacados con TLC?\u00a0\u00c9so es lo que hacemos.\u00a0Tenemos cajas de env\u00edo para pr\u00e1cticamente cualquier cosa y nuestro personal est\u00e1 capacitado como empacadores profesionales, por lo que nos aseguraremos de que sus cosas lleguen en perfectas condiciones.<\/p><\/div><div><div class=\"EmptyPictures\">\u00a0<\/div><div class=\"ServiceContact\"><hr class=\"gradientTips\" \/><h4>\u00bfTiene alguna pregunta sobre el env\u00edo y env\u00edo postal de la oficina postal de USPS?<\/h4><p>Llame al <strong><span class=\"RsaTelephone\"><a href=\"tel:954.667.2778\">954.667.2778<\/a><\/span><\/strong>\u00a0para hacer preguntas espec\u00edficas sobre un env\u00edo de USPS.\u00a0\u00bfNo tienes prisa?\u00a0Haga clic en el bot\u00f3n de abajo para enviarnos un mensaje.<\/p><p><a class=\"btn btn-default\" href=\"https:\/\/www.facebook.com\/packngoenvios\/\">Cont\u00e1ctenos<\/a><\/p><\/div><\/div><\/div><\/div><\/div><\/div><\/div><\/div><\/div><div class=\"row dnnpane\">\u00a0<\/div><div class=\"row dnnpane\">\u00a0<\/div><div class=\"row dnnpane\">\u00a0<\/div><div class=\"row dnnpane\">\u00a0<\/div><div class=\"row dnnpane\">\u00a0<\/div><\/section><\/div><\/div><\/div><\/section><\/div>\t\t\t\t\t\t\t\t<\/div>\n\t\t\t\t<\/div>\n\t\t\t\t\t<\/div>\n\t\t<\/div>\n\t\t\t\t\t<\/div>\n\t\t<\/section>\n\t\t\t\t<\/div>\n\t\t","protected":false},"excerpt":{"rendered":"<p>Env\u00edo y correo del&nbsp;Servicio Postal de los Estados Unidos (USPS) en Pembroke Pines, FL Env\u00edo [&hellip;]<\/p>\n","protected":false},"author":1,"featured_media":0,"parent":0,"menu_order":0,"comment_status":"closed","ping_status":"closed","template":"","meta":{"footnotes":""},"class_list":["post-2292","page","type-page","status-publish","hentry"],"aioseo_notices":[],"_links":{"self":[{"href":"https:\/\/packngoenvios.com\/index.php?rest_route=\/wp\/v2\/pages\/2292","targetHints":{"allow":["GET"]}}],"collection":[{"href":"https:\/\/packngoenvios.com\/index.php?rest_route=\/wp\/v2\/pages"}],"about":[{"href":"https:\/\/packngoenvios.com\/index.php?rest_route=\/wp\/v2\/types\/page"}],"author":[{"embeddable":true,"href":"https:\/\/packngoenvios.com\/index.php?rest_route=\/wp\/v2\/users\/1"}],"replies":[{"embeddable":true,"href":"https:\/\/packngoenvios.com\/index.php?rest_route=%2Fwp%2Fv2%2Fcomments&post=2292"}],"version-history":[{"count":11,"href":"https:\/\/packngoenvios.com\/index.php?rest_route=\/wp\/v2\/pages\/2292\/revisions"}],"predecessor-version":[{"id":2748,"href":"https:\/\/packngoenvios.com\/index.php?rest_route=\/wp\/v2\/pages\/2292\/revisions\/2748"}],"wp:attachment":[{"href":"https:\/\/packngoenvios.com\/index.php?rest_route=%2Fwp%2Fv2%2Fmedia&parent=2292"}],"curies":[{"name":"wp","href":"https:\/\/api.w.org\/{rel}","templated":true}]}}