{"id":2293,"date":"2022-07-06T19:11:55","date_gmt":"2022-07-06T19:11:55","guid":{"rendered":"http:\/\/packngoenvios.com\/?page_id=2293"},"modified":"2022-07-22T20:18:12","modified_gmt":"2022-07-22T20:18:12","slug":"postage-stamps","status":"publish","type":"page","link":"https:\/\/packngoenvios.com\/?page_id=2293","title":{"rendered":"Sellos Postales"},"content":{"rendered":"\t\t<div data-elementor-type=\"wp-page\" data-elementor-id=\"2293\" class=\"elementor elementor-2293\">\n\t\t\t\t\t\t<section class=\"elementor-section elementor-top-section elementor-element elementor-element-7e9730a elementor-section-boxed elementor-section-height-default elementor-section-height-default\" data-id=\"7e9730a\" data-element_type=\"section\">\n\t\t\t\t\t\t<div class=\"elementor-container elementor-column-gap-default\">\n\t\t\t\t\t<div class=\"elementor-column elementor-col-33 elementor-top-column elementor-element elementor-element-6d4d362\" data-id=\"6d4d362\" data-element_type=\"column\">\n\t\t\t<div class=\"elementor-widget-wrap elementor-element-populated\">\n\t\t\t\t\t\t<div class=\"elementor-element elementor-element-514213b elementor-widget elementor-widget-image\" data-id=\"514213b\" data-element_type=\"widget\" data-widget_type=\"image.default\">\n\t\t\t\t<div class=\"elementor-widget-container\">\n\t\t\t\t\t\t\t\t\t\t\t\t\t\t\t<img fetchpriority=\"high\" decoding=\"async\" width=\"2048\" height=\"929\" src=\"https:\/\/packngoenvios.com\/wp-content\/uploads\/2022\/07\/Stamps-2-2048x929.jpg\" class=\"attachment-2048x2048 size-2048x2048 wp-image-2320\" alt=\"\" srcset=\"https:\/\/packngoenvios.com\/wp-content\/uploads\/2022\/07\/Stamps-2-2048x929.jpg 2048w, https:\/\/packngoenvios.com\/wp-content\/uploads\/2022\/07\/Stamps-2-600x272.jpg 600w, https:\/\/packngoenvios.com\/wp-content\/uploads\/2022\/07\/Stamps-2-300x136.jpg 300w, https:\/\/packngoenvios.com\/wp-content\/uploads\/2022\/07\/Stamps-2-1024x464.jpg 1024w, https:\/\/packngoenvios.com\/wp-content\/uploads\/2022\/07\/Stamps-2-768x348.jpg 768w, https:\/\/packngoenvios.com\/wp-content\/uploads\/2022\/07\/Stamps-2-1536x697.jpg 1536w, https:\/\/packngoenvios.com\/wp-content\/uploads\/2022\/07\/Stamps-2-18x8.jpg 18w\" sizes=\"(max-width: 2048px) 100vw, 2048px\" \/>\t\t\t\t\t\t\t\t\t\t\t\t\t\t\t<\/div>\n\t\t\t\t<\/div>\n\t\t\t\t\t<\/div>\n\t\t<\/div>\n\t\t\t\t<div class=\"elementor-column elementor-col-66 elementor-top-column elementor-element elementor-element-248c4c6\" data-id=\"248c4c6\" data-element_type=\"column\">\n\t\t\t<div class=\"elementor-widget-wrap elementor-element-populated\">\n\t\t\t\t\t\t<div class=\"elementor-element elementor-element-759192b hfe-nav-menu__align-left hfe-submenu-icon-arrow hfe-link-redirect-child hfe-nav-menu__breakpoint-tablet elementor-widget elementor-widget-navigation-menu\" data-id=\"759192b\" data-element_type=\"widget\" data-settings=\"{&quot;padding_horizontal_menu_item&quot;:{&quot;unit&quot;:&quot;px&quot;,&quot;size&quot;:15,&quot;sizes&quot;:[]},&quot;padding_horizontal_menu_item_tablet&quot;:{&quot;unit&quot;:&quot;px&quot;,&quot;size&quot;:&quot;&quot;,&quot;sizes&quot;:[]},&quot;padding_horizontal_menu_item_mobile&quot;:{&quot;unit&quot;:&quot;px&quot;,&quot;size&quot;:&quot;&quot;,&quot;sizes&quot;:[]},&quot;padding_vertical_menu_item&quot;:{&quot;unit&quot;:&quot;px&quot;,&quot;size&quot;:15,&quot;sizes&quot;:[]},&quot;padding_vertical_menu_item_tablet&quot;:{&quot;unit&quot;:&quot;px&quot;,&quot;size&quot;:&quot;&quot;,&quot;sizes&quot;:[]},&quot;padding_vertical_menu_item_mobile&quot;:{&quot;unit&quot;:&quot;px&quot;,&quot;size&quot;:&quot;&quot;,&quot;sizes&quot;:[]},&quot;menu_space_between&quot;:{&quot;unit&quot;:&quot;px&quot;,&quot;size&quot;:&quot;&quot;,&quot;sizes&quot;:[]},&quot;menu_space_between_tablet&quot;:{&quot;unit&quot;:&quot;px&quot;,&quot;size&quot;:&quot;&quot;,&quot;sizes&quot;:[]},&quot;menu_space_between_mobile&quot;:{&quot;unit&quot;:&quot;px&quot;,&quot;size&quot;:&quot;&quot;,&quot;sizes&quot;:[]},&quot;dropdown_border_radius&quot;:{&quot;unit&quot;:&quot;px&quot;,&quot;top&quot;:&quot;&quot;,&quot;right&quot;:&quot;&quot;,&quot;bottom&quot;:&quot;&quot;,&quot;left&quot;:&quot;&quot;,&quot;isLinked&quot;:true},&quot;dropdown_border_radius_tablet&quot;:{&quot;unit&quot;:&quot;px&quot;,&quot;top&quot;:&quot;&quot;,&quot;right&quot;:&quot;&quot;,&quot;bottom&quot;:&quot;&quot;,&quot;left&quot;:&quot;&quot;,&quot;isLinked&quot;:true},&quot;dropdown_border_radius_mobile&quot;:{&quot;unit&quot;:&quot;px&quot;,&quot;top&quot;:&quot;&quot;,&quot;right&quot;:&quot;&quot;,&quot;bottom&quot;:&quot;&quot;,&quot;left&quot;:&quot;&quot;,&quot;isLinked&quot;:true},&quot;padding_horizontal_dropdown_item&quot;:{&quot;unit&quot;:&quot;px&quot;,&quot;size&quot;:&quot;&quot;,&quot;sizes&quot;:[]},&quot;padding_horizontal_dropdown_item_tablet&quot;:{&quot;unit&quot;:&quot;px&quot;,&quot;size&quot;:&quot;&quot;,&quot;sizes&quot;:[]},&quot;padding_horizontal_dropdown_item_mobile&quot;:{&quot;unit&quot;:&quot;px&quot;,&quot;size&quot;:&quot;&quot;,&quot;sizes&quot;:[]},&quot;padding_vertical_dropdown_item&quot;:{&quot;unit&quot;:&quot;px&quot;,&quot;size&quot;:15,&quot;sizes&quot;:[]},&quot;padding_vertical_dropdown_item_tablet&quot;:{&quot;unit&quot;:&quot;px&quot;,&quot;size&quot;:&quot;&quot;,&quot;sizes&quot;:[]},&quot;padding_vertical_dropdown_item_mobile&quot;:{&quot;unit&quot;:&quot;px&quot;,&quot;size&quot;:&quot;&quot;,&quot;sizes&quot;:[]},&quot;distance_from_menu&quot;:{&quot;unit&quot;:&quot;px&quot;,&quot;size&quot;:&quot;&quot;,&quot;sizes&quot;:[]},&quot;distance_from_menu_tablet&quot;:{&quot;unit&quot;:&quot;px&quot;,&quot;size&quot;:&quot;&quot;,&quot;sizes&quot;:[]},&quot;distance_from_menu_mobile&quot;:{&quot;unit&quot;:&quot;px&quot;,&quot;size&quot;:&quot;&quot;,&quot;sizes&quot;:[]},&quot;toggle_size&quot;:{&quot;unit&quot;:&quot;px&quot;,&quot;size&quot;:&quot;&quot;,&quot;sizes&quot;:[]},&quot;toggle_size_tablet&quot;:{&quot;unit&quot;:&quot;px&quot;,&quot;size&quot;:&quot;&quot;,&quot;sizes&quot;:[]},&quot;toggle_size_mobile&quot;:{&quot;unit&quot;:&quot;px&quot;,&quot;size&quot;:&quot;&quot;,&quot;sizes&quot;:[]},&quot;toggle_border_width&quot;:{&quot;unit&quot;:&quot;px&quot;,&quot;size&quot;:&quot;&quot;,&quot;sizes&quot;:[]},&quot;toggle_border_width_tablet&quot;:{&quot;unit&quot;:&quot;px&quot;,&quot;size&quot;:&quot;&quot;,&quot;sizes&quot;:[]},&quot;toggle_border_width_mobile&quot;:{&quot;unit&quot;:&quot;px&quot;,&quot;size&quot;:&quot;&quot;,&quot;sizes&quot;:[]},&quot;toggle_border_radius&quot;:{&quot;unit&quot;:&quot;px&quot;,&quot;size&quot;:&quot;&quot;,&quot;sizes&quot;:[]},&quot;toggle_border_radius_tablet&quot;:{&quot;unit&quot;:&quot;px&quot;,&quot;size&quot;:&quot;&quot;,&quot;sizes&quot;:[]},&quot;toggle_border_radius_mobile&quot;:{&quot;unit&quot;:&quot;px&quot;,&quot;size&quot;:&quot;&quot;,&quot;sizes&quot;:[]}}\" data-widget_type=\"navigation-menu.default\">\n\t\t\t\t<div class=\"elementor-widget-container\">\n\t\t\t\t\t\t\t\t<div class=\"hfe-nav-menu hfe-layout-vertical hfe-nav-menu-layout vertical\" data-layout=\"vertical\">\n\t\t\t\t<div role=\"button\" class=\"hfe-nav-menu__toggle elementor-clickable\" tabindex=\"0\" aria-label=\"Menu Toggle\">\n\t\t\t\t\t<span class=\"screen-reader-text\">Menu<\/span>\n\t\t\t\t\t<div class=\"hfe-nav-menu-icon\">\n\t\t\t\t\t\t<i aria-hidden=\"true\"  class=\"fas fa-align-justify\"><\/i>\t\t\t\t\t<\/div>\n\t\t\t\t<\/div>\n\t\t\t\t<nav class=\"hfe-nav-menu__layout-vertical hfe-nav-menu__submenu-arrow\" data-toggle-icon=\"&lt;i aria-hidden=&quot;true&quot; tabindex=&quot;0&quot; class=&quot;fas fa-align-justify&quot;&gt;&lt;\/i&gt;\" data-close-icon=\"&lt;i aria-hidden=&quot;true&quot; tabindex=&quot;0&quot; class=&quot;far fa-window-close&quot;&gt;&lt;\/i&gt;\" data-full-width=\"yes\">\n\t\t\t\t\t<ul id=\"menu-1-759192b\" class=\"hfe-nav-menu\"><li id=\"menu-item-2348\" class=\"menu-item menu-item-type-post_type menu-item-object-page parent hfe-creative-menu\"><a href=\"https:\/\/packngoenvios.com\/?page_id=1003\" class = \"hfe-menu-item\">Inicio<\/a><\/li>\n<li id=\"menu-item-2208\" class=\"menu-item menu-item-type-post_type menu-item-object-page menu-item-has-children parent hfe-has-submenu hfe-creative-menu\"><div class=\"hfe-has-submenu-container\" tabindex=\"0\" role=\"button\" aria-haspopup=\"true\" aria-expanded=\"false\"><a href=\"https:\/\/packngoenvios.com\/?page_id=1018\" class = \"hfe-menu-item\">Agencias<span class='hfe-menu-toggle sub-arrow hfe-menu-child-0'><i class='fa'><\/i><\/span><\/a><\/div>\n<ul class=\"sub-menu\">\n\t<li id=\"menu-item-2210\" class=\"menu-item menu-item-type-post_type menu-item-object-page hfe-creative-menu\"><a href=\"https:\/\/packngoenvios.com\/?page_id=1112\" class = \"hfe-sub-menu-item\">Pembroke Pines<\/a><\/li>\n\t<li id=\"menu-item-2296\" class=\"menu-item menu-item-type-custom menu-item-object-custom hfe-creative-menu\"><a href=\"https:\/\/www.pondellapackandgo.com\/\" class = \"hfe-sub-menu-item\">North Fort Myers, FL<\/a><\/li>\n<\/ul>\n<\/li>\n<li id=\"menu-item-2627\" class=\"menu-item menu-item-type-custom menu-item-object-custom menu-item-has-children parent hfe-has-submenu hfe-creative-menu\"><div class=\"hfe-has-submenu-container\" tabindex=\"0\" role=\"button\" aria-haspopup=\"true\" aria-expanded=\"false\"><a href=\"#\" class = \"hfe-menu-item\">Servicios<span class='hfe-menu-toggle sub-arrow hfe-menu-child-0'><i class='fa'><\/i><\/span><\/a><\/div>\n<ul class=\"sub-menu\">\n\t<li id=\"menu-item-2304\" class=\"menu-item menu-item-type-post_type menu-item-object-page hfe-creative-menu\"><a href=\"https:\/\/packngoenvios.com\/?page_id=2291\" class = \"hfe-sub-menu-item\">FedEx Env\u00edo &#038; Devoluci\u00f3n<\/a><\/li>\n\t<li id=\"menu-item-2305\" class=\"menu-item menu-item-type-post_type menu-item-object-page hfe-creative-menu\"><a href=\"https:\/\/packngoenvios.com\/?page_id=2292\" class = \"hfe-sub-menu-item\">USPS<\/a><\/li>\n\t<li id=\"menu-item-2306\" class=\"menu-item menu-item-type-post_type menu-item-object-page hfe-creative-menu\"><a href=\"https:\/\/packngoenvios.com\/?page_id=2293\" class = \"hfe-sub-menu-item\">Estampillas Postales<\/a><\/li>\n\t<li id=\"menu-item-2449\" class=\"menu-item menu-item-type-post_type menu-item-object-page menu-item-has-children hfe-has-submenu hfe-creative-menu\"><div class=\"hfe-has-submenu-container\" tabindex=\"0\" role=\"button\" aria-haspopup=\"true\" aria-expanded=\"false\"><a href=\"https:\/\/packngoenvios.com\/?page_id=2434\" class = \"hfe-sub-menu-item\">Copia &#038; Impresi\u00f3n \u2192<span class='hfe-menu-toggle sub-arrow hfe-menu-child-1'><i class='fa'><\/i><\/span><\/a><\/div>\n\t<ul class=\"sub-menu\">\n\t\t<li id=\"menu-item-2450\" class=\"menu-item menu-item-type-post_type menu-item-object-page hfe-creative-menu\"><a href=\"https:\/\/packngoenvios.com\/?page_id=2436\" class = \"hfe-sub-menu-item\">Escaneo de Documentos<\/a><\/li>\n\t\t<li id=\"menu-item-2452\" class=\"menu-item menu-item-type-post_type menu-item-object-page hfe-creative-menu\"><a href=\"https:\/\/packngoenvios.com\/?page_id=2438\" class = \"hfe-sub-menu-item\">Servicios de Fotocopia<\/a><\/li>\n\t\t<li id=\"menu-item-2453\" class=\"menu-item menu-item-type-post_type menu-item-object-page hfe-creative-menu\"><a href=\"https:\/\/packngoenvios.com\/?page_id=2439\" class = \"hfe-sub-menu-item\">Servicios de Impresi\u00f3n y Documentos<\/a><\/li>\n\t<\/ul>\n<\/li>\n\t<li id=\"menu-item-2454\" class=\"menu-item menu-item-type-post_type menu-item-object-page hfe-creative-menu\"><a href=\"https:\/\/packngoenvios.com\/?page_id=2440\" class = \"hfe-sub-menu-item\">Notario Publico<\/a><\/li>\n\t<li id=\"menu-item-2451\" class=\"menu-item menu-item-type-post_type menu-item-object-page hfe-creative-menu\"><a href=\"https:\/\/packngoenvios.com\/?page_id=2437\" class = \"hfe-sub-menu-item\">Servicios de Fax<\/a><\/li>\n<\/ul>\n<\/li>\n<li id=\"menu-item-2626\" class=\"menu-item menu-item-type-custom menu-item-object-custom menu-item-has-children parent hfe-has-submenu hfe-creative-menu\"><div class=\"hfe-has-submenu-container\" tabindex=\"0\" role=\"button\" aria-haspopup=\"true\" aria-expanded=\"false\"><a href=\"https:\/\/americaenvios2.managercargo.com\/public\/web\/webindex\/registrocas?ag=1\" class = \"hfe-menu-item\">Casilleros<span class='hfe-menu-toggle sub-arrow hfe-menu-child-0'><i class='fa'><\/i><\/span><\/a><\/div>\n<ul class=\"sub-menu\">\n\t<li id=\"menu-item-2201\" class=\"menu-item menu-item-type-custom menu-item-object-custom hfe-creative-menu\"><a href=\"https:\/\/americaenvios2.managercargo.com\/public\/web\/webindex\/registrocas?ag=1\" class = \"hfe-sub-menu-item\">Abrir Casillero Gratis<\/a><\/li>\n\t<li id=\"menu-item-2200\" class=\"menu-item menu-item-type-custom menu-item-object-custom hfe-creative-menu\"><a href=\"https:\/\/americaenvios2.managercargo.com\/public\/indexlogin\/logincasillero\/cd\/1\" class = \"hfe-sub-menu-item\">Ingresar A Mi Casillero<\/a><\/li>\n<\/ul>\n<\/li>\n<li id=\"menu-item-2674\" class=\"menu-item menu-item-type-custom menu-item-object-custom menu-item-has-children parent hfe-has-submenu hfe-creative-menu\"><div class=\"hfe-has-submenu-container\" tabindex=\"0\" role=\"button\" aria-haspopup=\"true\" aria-expanded=\"false\"><a href=\"#\" class = \"hfe-menu-item\">Env\u00edos Latino-America &#038; El Caribe<span class='hfe-menu-toggle sub-arrow hfe-menu-child-0'><i class='fa'><\/i><\/span><\/a><\/div>\n<ul class=\"sub-menu\">\n\t<li id=\"menu-item-2676\" class=\"menu-item menu-item-type-custom menu-item-object-custom hfe-creative-menu\"><a href=\"#\" class = \"hfe-sub-menu-item\">Carga A\u00e9rea &#038; Mar\u00edtima<\/a><\/li>\n\t<li id=\"menu-item-2677\" class=\"menu-item menu-item-type-custom menu-item-object-custom hfe-creative-menu\"><a href=\"#\" class = \"hfe-sub-menu-item\">Giros Internacionales<\/a><\/li>\n\t<li id=\"menu-item-2678\" class=\"menu-item menu-item-type-custom menu-item-object-custom menu-item-has-children hfe-has-submenu hfe-creative-menu\"><div class=\"hfe-has-submenu-container\" tabindex=\"0\" role=\"button\" aria-haspopup=\"true\" aria-expanded=\"false\"><a href=\"#\" class = \"hfe-sub-menu-item\">Servicios para Cuba<span class='hfe-menu-toggle sub-arrow hfe-menu-child-1'><i class='fa'><\/i><\/span><\/a><\/div>\n\t<ul class=\"sub-menu\">\n\t\t<li id=\"menu-item-2679\" class=\"menu-item menu-item-type-custom menu-item-object-custom hfe-creative-menu\"><a href=\"#\" class = \"hfe-sub-menu-item\">Viajes a Cuba<\/a><\/li>\n\t\t<li id=\"menu-item-2675\" class=\"menu-item menu-item-type-custom menu-item-object-custom hfe-creative-menu\"><a href=\"#\" class = \"hfe-sub-menu-item\">Visas &#038; Pasaportes Cubanos<\/a><\/li>\n\t<\/ul>\n<\/li>\n<\/ul>\n<\/li>\n<li id=\"menu-item-2533\" class=\"menu-item menu-item-type-post_type menu-item-object-post parent hfe-creative-menu\"><a href=\"https:\/\/packngoenvios.com\/?p=2402\" class = \"hfe-menu-item\">Anuncios<\/a><\/li>\n<\/ul> \n\t\t\t\t<\/nav>\n\t\t\t<\/div>\n\t\t\t\t\t\t\t<\/div>\n\t\t\t\t<\/div>\n\t\t\t\t\t<\/div>\n\t\t<\/div>\n\t\t\t\t\t<\/div>\n\t\t<\/section>\n\t\t\t\t<section class=\"elementor-section elementor-top-section elementor-element elementor-element-cadb899 elementor-section-boxed elementor-section-height-default elementor-section-height-default\" data-id=\"cadb899\" data-element_type=\"section\">\n\t\t\t\t\t\t<div class=\"elementor-container elementor-column-gap-default\">\n\t\t\t\t\t<div class=\"elementor-column elementor-col-100 elementor-top-column elementor-element elementor-element-8d795c1\" data-id=\"8d795c1\" data-element_type=\"column\">\n\t\t\t<div class=\"elementor-widget-wrap elementor-element-populated\">\n\t\t\t\t\t\t<div class=\"elementor-element elementor-element-ed16d15 elementor-widget elementor-widget-text-editor\" data-id=\"ed16d15\" data-element_type=\"widget\" data-widget_type=\"text-editor.default\">\n\t\t\t\t<div class=\"elementor-widget-container\">\n\t\t\t\t\t\t\t\t\t<div class=\"skin_main\"><section class=\"skin_main\"><div class=\"skin_width\"><div class=\"skin_top_content\"><div class=\"LM_main_content clearafter\"><section class=\"LM_skin_content\"><div class=\"row dnnpane\"><div id=\"dnn_ContentPane\" class=\"content_grid12 col-sm-12\"><div class=\"DnnModule DnnModule-DNN_HTML DnnModule-77743\"><div class=\"notitle_container\"><div id=\"dnn_ctr77743_ContentPane\"><div id=\"dnn_ctr77743_ModuleContent\" class=\"DNNModuleContent ModDNNHTMLC\"><div id=\"dnn_ctr77743_HtmlModule_lblContent\" class=\"Normal\"><div class=\"ServiceBody\"><h1>Sellos postales en Pembroke Pines, Florida<\/h1><h2>Regalo perfecto de \u00faltima hora para todas las ocasiones.<\/h2><p>El correo electr\u00f3nico puede ser omnipresente, pero todos tambi\u00e9n necesitan sellos postales regulares, \u00a1los\u00a0<em>tenemos aqu\u00ed!<\/em><\/p><p>Ah\u00f3rrese la molestia y el tiempo de ir a otros lugares al venir a\u00a0<strong>Pack and Go<\/strong>\u00a0para sus necesidades de sellos postales en<b> Pembroke Pines<\/b><strong>, FL<\/strong>\u00a0.\u00a0No solo le ahorraremos tiempo, tambi\u00e9n estaremos muy felices de verlo y ayudarlo a hacer su vida m\u00e1s f\u00e1cil.\u00a0<\/p><\/div><div><div class=\"EmptyPictures\">\u00a0<\/div><div class=\"ServiceContact\"><hr class=\"gradientTips\" \/><h4>\u00bfTiene alguna pregunta sobre los sellos postales?<\/h4><p>\u00bfPreguntas sobre los sellos disponibles? Ll\u00e1menos al\u00a0<strong><span class=\"RsaTelephone\"><a href=\"tel:954.667.2778\">954.667.2778<\/a><\/span><\/strong>\u00a0o env\u00edenos un mensaje haciendo clic en el bot\u00f3n de abajo.<\/p><p><a class=\"btn btn-default\" href=\"https:\/\/www.facebook.com\/packngoenvios\/\">Cont\u00e1ctenos<\/a><\/p><\/div><\/div><\/div><\/div><\/div><\/div><\/div><\/div><\/div><div class=\"row dnnpane\">\u00a0<\/div><div class=\"row dnnpane\">\u00a0<\/div><div class=\"row dnnpane\">\u00a0<\/div><div class=\"row dnnpane\">\u00a0<\/div><div class=\"row dnnpane\">\u00a0<\/div><\/section><\/div><\/div><\/div><\/section><\/div><section class=\"footer_top\"><div class=\"skin_width\">\u00a0<\/div><\/section>\t\t\t\t\t\t\t\t<\/div>\n\t\t\t\t<\/div>\n\t\t\t\t\t<\/div>\n\t\t<\/div>\n\t\t\t\t\t<\/div>\n\t\t<\/section>\n\t\t\t\t<\/div>\n\t\t","protected":false},"excerpt":{"rendered":"","protected":false},"author":1,"featured_media":0,"parent":0,"menu_order":0,"comment_status":"closed","ping_status":"closed","template":"","meta":{"footnotes":""},"class_list":["post-2293","page","type-page","status-publish","hentry"],"aioseo_notices":[],"_links":{"self":[{"href":"https:\/\/packngoenvios.com\/index.php?rest_route=\/wp\/v2\/pages\/2293","targetHints":{"allow":["GET"]}}],"collection":[{"href":"https:\/\/packngoenvios.com\/index.php?rest_route=\/wp\/v2\/pages"}],"about":[{"href":"https:\/\/packngoenvios.com\/index.php?rest_route=\/wp\/v2\/types\/page"}],"author":[{"embeddable":true,"href":"https:\/\/packngoenvios.com\/index.php?rest_route=\/wp\/v2\/users\/1"}],"replies":[{"embeddable":true,"href":"https:\/\/packngoenvios.com\/index.php?rest_route=%2Fwp%2Fv2%2Fcomments&post=2293"}],"version-history":[{"count":12,"href":"https:\/\/packngoenvios.com\/index.php?rest_route=\/wp\/v2\/pages\/2293\/revisions"}],"predecessor-version":[{"id":2754,"href":"https:\/\/packngoenvios.com\/index.php?rest_route=\/wp\/v2\/pages\/2293\/revisions\/2754"}],"wp:attachment":[{"href":"https:\/\/packngoenvios.com\/index.php?rest_route=%2Fwp%2Fv2%2Fmedia&parent=2293"}],"curies":[{"name":"wp","href":"https:\/\/api.w.org\/{rel}","templated":true}]}}