{"id":2436,"date":"2022-07-13T16:38:37","date_gmt":"2022-07-13T16:38:37","guid":{"rendered":"http:\/\/packngoenvios.com\/?page_id=2436"},"modified":"2023-01-23T20:20:07","modified_gmt":"2023-01-23T20:20:07","slug":"escaneo-de-documentos","status":"publish","type":"page","link":"https:\/\/packngoenvios.com\/?page_id=2436","title":{"rendered":"Escaneo de Documentos"},"content":{"rendered":"\t\t<div data-elementor-type=\"wp-page\" data-elementor-id=\"2436\" class=\"elementor elementor-2436\">\n\t\t\t\t\t\t<section class=\"elementor-section elementor-top-section elementor-element elementor-element-92b0e7f elementor-section-boxed elementor-section-height-default elementor-section-height-default\" data-id=\"92b0e7f\" data-element_type=\"section\">\n\t\t\t\t\t\t<div class=\"elementor-container elementor-column-gap-default\">\n\t\t\t\t\t<div class=\"elementor-column elementor-col-100 elementor-top-column elementor-element elementor-element-d42c4d7\" data-id=\"d42c4d7\" data-element_type=\"column\">\n\t\t\t<div class=\"elementor-widget-wrap elementor-element-populated\">\n\t\t\t\t\t\t<div class=\"elementor-element elementor-element-045be29 elementor-widget elementor-widget-image\" data-id=\"045be29\" data-element_type=\"widget\" data-widget_type=\"image.default\">\n\t\t\t\t<div class=\"elementor-widget-container\">\n\t\t\t\t\t\t\t\t\t\t\t\t\t\t\t\t<a href=\"https:\/\/packngoenvios.com\/agencias\/\">\n\t\t\t\t\t\t\t<img fetchpriority=\"high\" decoding=\"async\" width=\"815\" height=\"300\" src=\"https:\/\/packngoenvios.com\/wp-content\/uploads\/2022\/07\/document_scanning_01.jpg\" class=\"attachment-2048x2048 size-2048x2048 wp-image-2456\" alt=\"\" srcset=\"https:\/\/packngoenvios.com\/wp-content\/uploads\/2022\/07\/document_scanning_01.jpg 815w, https:\/\/packngoenvios.com\/wp-content\/uploads\/2022\/07\/document_scanning_01-300x110.jpg 300w, https:\/\/packngoenvios.com\/wp-content\/uploads\/2022\/07\/document_scanning_01-768x283.jpg 768w\" sizes=\"(max-width: 815px) 100vw, 815px\" \/>\t\t\t\t\t\t\t\t<\/a>\n\t\t\t\t\t\t\t\t\t\t\t\t\t\t\t<\/div>\n\t\t\t\t<\/div>\n\t\t\t\t\t<\/div>\n\t\t<\/div>\n\t\t\t\t\t<\/div>\n\t\t<\/section>\n\t\t\t\t<section class=\"elementor-section elementor-top-section elementor-element elementor-element-6ca3938 elementor-section-boxed elementor-section-height-default elementor-section-height-default\" data-id=\"6ca3938\" data-element_type=\"section\">\n\t\t\t\t\t\t<div class=\"elementor-container elementor-column-gap-default\">\n\t\t\t\t\t<div class=\"elementor-column elementor-col-100 elementor-top-column elementor-element elementor-element-60fd941\" data-id=\"60fd941\" data-element_type=\"column\">\n\t\t\t<div class=\"elementor-widget-wrap elementor-element-populated\">\n\t\t\t\t\t\t<div class=\"elementor-element elementor-element-78beb11 elementor-widget elementor-widget-text-editor\" data-id=\"78beb11\" data-element_type=\"widget\" data-widget_type=\"text-editor.default\">\n\t\t\t\t<div class=\"elementor-widget-container\">\n\t\t\t\t\t\t\t\t\t<div class=\"ServiceBody\"><h1>Escaneo de documentos en Pembroke Pines, FL<\/h1><h2>Venga a empacar y listo para todas sus necesidades de escaneo de documentos<\/h2><p>Nuestros servicios de im\u00e1genes y escaneo de documentos pueden transformar sus montones de papel en im\u00e1genes digitales que permiten b\u00fasquedas de texto.\u00a0En lugar de lidiar con archivadores o almacenamiento externo, sus documentos se pueden archivar digitalmente en un DVD o una unidad flash.\u00a0Ahorre tiempo encontrando documentos m\u00e1s r\u00e1pido.\u00a0Ahorre dinero al recuperar valioso espacio de oficina y reducir los costos de papel.\u00a0Y ah\u00f3rrese muchos dolores de cabeza entregando su proyecto a los profesionales de\u00a0<strong>Pack and Go<\/strong>\u00a0, quienes pueden darle la vuelta a su proyecto de manera r\u00e1pida y precisa.<\/p><\/div><h2>Escaneo r\u00e1pido y conveniente<\/h2><div class=\"arrow_list_1col\"><ul><li>Convierta sus copias impresas en archivos electr\u00f3nicos.<\/li><li>Organiza y comparte f\u00e1cilmente documentos importantes.<\/li><li>Conserva recuerdos con nuestro servicio de escaneo de fotos<\/li><\/ul><\/div><div><div class=\"EmptyPictures\">\u00a0<\/div><div class=\"ServiceContact\"><hr class=\"gradientTips\" \/><h4>\u00bfTiene alguna pregunta sobre el servicio de escaneo de documentos?<\/h4><p>Si tiene preguntas sobre el escaneo de documentos, llame al <strong><span class=\"RsaTelephone\"><a href=\"tel:954-667-2778\">\u00a0954.667.2778<\/a><\/span><\/strong>\u00a0o haga clic en el bot\u00f3n a continuaci\u00f3n para enviarnos un mensaje.<\/p><\/div><\/div>\t\t\t\t\t\t\t\t<\/div>\n\t\t\t\t<\/div>\n\t\t\t\t\t<\/div>\n\t\t<\/div>\n\t\t\t\t\t<\/div>\n\t\t<\/section>\n\t\t\t\t<section class=\"elementor-section elementor-top-section elementor-element elementor-element-96ea238 elementor-section-boxed elementor-section-height-default elementor-section-height-default\" data-id=\"96ea238\" data-element_type=\"section\">\n\t\t\t\t\t\t<div class=\"elementor-container elementor-column-gap-default\">\n\t\t\t\t\t<div class=\"elementor-column elementor-col-100 elementor-top-column elementor-element elementor-element-1b3a566\" data-id=\"1b3a566\" data-element_type=\"column\">\n\t\t\t<div class=\"elementor-widget-wrap elementor-element-populated\">\n\t\t\t\t\t\t<div class=\"elementor-element elementor-element-674fca7 elementor-widget elementor-widget-button\" data-id=\"674fca7\" data-element_type=\"widget\" data-widget_type=\"button.default\">\n\t\t\t\t<div class=\"elementor-widget-container\">\n\t\t\t\t\t\t\t\t\t<div class=\"elementor-button-wrapper\">\n\t\t\t\t\t<a class=\"elementor-button elementor-button-link elementor-size-sm\" href=\"https:\/\/www.facebook.com\/packngoenvios\">\n\t\t\t\t\t\t<span class=\"elementor-button-content-wrapper\">\n\t\t\t\t\t\t\t\t\t<span class=\"elementor-button-text\">Contactanos<\/span>\n\t\t\t\t\t<\/span>\n\t\t\t\t\t<\/a>\n\t\t\t\t<\/div>\n\t\t\t\t\t\t\t\t<\/div>\n\t\t\t\t<\/div>\n\t\t\t\t\t<\/div>\n\t\t<\/div>\n\t\t\t\t\t<\/div>\n\t\t<\/section>\n\t\t\t\t<\/div>\n\t\t","protected":false},"excerpt":{"rendered":"<p>Escaneo de documentos en Pembroke Pines, FL Venga a empacar y listo para todas sus [&hellip;]<\/p>\n","protected":false},"author":1,"featured_media":0,"parent":0,"menu_order":0,"comment_status":"closed","ping_status":"closed","template":"","meta":{"footnotes":""},"class_list":["post-2436","page","type-page","status-publish","hentry"],"aioseo_notices":[],"_links":{"self":[{"href":"https:\/\/packngoenvios.com\/index.php?rest_route=\/wp\/v2\/pages\/2436","targetHints":{"allow":["GET"]}}],"collection":[{"href":"https:\/\/packngoenvios.com\/index.php?rest_route=\/wp\/v2\/pages"}],"about":[{"href":"https:\/\/packngoenvios.com\/index.php?rest_route=\/wp\/v2\/types\/page"}],"author":[{"embeddable":true,"href":"https:\/\/packngoenvios.com\/index.php?rest_route=\/wp\/v2\/users\/1"}],"replies":[{"embeddable":true,"href":"https:\/\/packngoenvios.com\/index.php?rest_route=%2Fwp%2Fv2%2Fcomments&post=2436"}],"version-history":[{"count":17,"href":"https:\/\/packngoenvios.com\/index.php?rest_route=\/wp\/v2\/pages\/2436\/revisions"}],"predecessor-version":[{"id":2779,"href":"https:\/\/packngoenvios.com\/index.php?rest_route=\/wp\/v2\/pages\/2436\/revisions\/2779"}],"wp:attachment":[{"href":"https:\/\/packngoenvios.com\/index.php?rest_route=%2Fwp%2Fv2%2Fmedia&parent=2436"}],"curies":[{"name":"wp","href":"https:\/\/api.w.org\/{rel}","templated":true}]}}