{"id":2437,"date":"2022-07-13T16:38:37","date_gmt":"2022-07-13T16:38:37","guid":{"rendered":"http:\/\/packngoenvios.com\/?page_id=2437"},"modified":"2023-01-23T20:28:37","modified_gmt":"2023-01-23T20:28:37","slug":"servicios-de-fax","status":"publish","type":"page","link":"https:\/\/packngoenvios.com\/?page_id=2437","title":{"rendered":"Servicios de Fax"},"content":{"rendered":"\t\t<div data-elementor-type=\"wp-page\" data-elementor-id=\"2437\" class=\"elementor elementor-2437\">\n\t\t\t\t\t\t<section class=\"elementor-section elementor-top-section elementor-element elementor-element-d34d84b elementor-section-boxed elementor-section-height-default elementor-section-height-default\" data-id=\"d34d84b\" data-element_type=\"section\">\n\t\t\t\t\t\t<div class=\"elementor-container elementor-column-gap-default\">\n\t\t\t\t\t<div class=\"elementor-column elementor-col-100 elementor-top-column elementor-element elementor-element-46999a5\" data-id=\"46999a5\" data-element_type=\"column\">\n\t\t\t<div class=\"elementor-widget-wrap elementor-element-populated\">\n\t\t\t\t\t\t<div class=\"elementor-element elementor-element-a05cdc7 elementor-widget elementor-widget-image\" data-id=\"a05cdc7\" data-element_type=\"widget\" data-widget_type=\"image.default\">\n\t\t\t\t<div class=\"elementor-widget-container\">\n\t\t\t\t\t\t\t\t\t\t\t\t\t\t\t\t<a href=\"https:\/\/packngoenvios.com\/agencias\/\">\n\t\t\t\t\t\t\t<img fetchpriority=\"high\" decoding=\"async\" width=\"850\" height=\"478\" src=\"https:\/\/packngoenvios.com\/wp-content\/uploads\/2022\/07\/0283fJZnxEB0JKLAepGK0fw-5.webp\" class=\"attachment-2048x2048 size-2048x2048 wp-image-2492\" alt=\"\" srcset=\"https:\/\/packngoenvios.com\/wp-content\/uploads\/2022\/07\/0283fJZnxEB0JKLAepGK0fw-5.webp 850w, https:\/\/packngoenvios.com\/wp-content\/uploads\/2022\/07\/0283fJZnxEB0JKLAepGK0fw-5-300x169.webp 300w, https:\/\/packngoenvios.com\/wp-content\/uploads\/2022\/07\/0283fJZnxEB0JKLAepGK0fw-5-768x432.webp 768w\" sizes=\"(max-width: 850px) 100vw, 850px\" \/>\t\t\t\t\t\t\t\t<\/a>\n\t\t\t\t\t\t\t\t\t\t\t\t\t\t\t<\/div>\n\t\t\t\t<\/div>\n\t\t\t\t\t<\/div>\n\t\t<\/div>\n\t\t\t\t\t<\/div>\n\t\t<\/section>\n\t\t\t\t<section class=\"elementor-section elementor-top-section elementor-element elementor-element-6a528a6 elementor-section-boxed elementor-section-height-default elementor-section-height-default\" data-id=\"6a528a6\" data-element_type=\"section\">\n\t\t\t\t\t\t<div class=\"elementor-container elementor-column-gap-default\">\n\t\t\t\t\t<div class=\"elementor-column elementor-col-100 elementor-top-column elementor-element elementor-element-871f6d8\" data-id=\"871f6d8\" data-element_type=\"column\">\n\t\t\t<div class=\"elementor-widget-wrap elementor-element-populated\">\n\t\t\t\t\t\t<div class=\"elementor-element elementor-element-a950fa7 elementor-widget elementor-widget-text-editor\" data-id=\"a950fa7\" data-element_type=\"widget\" data-widget_type=\"text-editor.default\">\n\t\t\t\t<div class=\"elementor-widget-container\">\n\t\t\t\t\t\t\t\t\t<div class=\"ServiceBody\"><h1>Servicios de fax en Pembroke Pines, FL<\/h1><h2>\u00bfNo hay m\u00e1quina de fax en casa?\u00a0Podemos ayudar.<\/h2><p><strong>Pack and Go<\/strong> brinda servicio de fax a empresas y residentes de <strong>Pembroke Pines, FL<\/strong>\u00a0junto con nuestros servicios de empaque, env\u00edo, impresi\u00f3n de documentos, alquiler de buzones y otros servicios.\u00a0Utilizamos los \u00faltimos equipos de fax de alta velocidad y calidad para garantizar que sus faxes lleguen de manera r\u00e1pida y n\u00edtida y brindamos servicio para:<\/p><\/div><h2>Servicios de fax disponibles:<\/h2><div class=\"arrow_list_1col\"><ul><li>Fax local entrante y saliente<\/li><li>Fax de larga distancia nacional entrante y saliente<\/li><li>Fax internacional entrante y saliente<\/li><li>Env\u00edo de n\u00fameros de fax v\u00eda sat\u00e9lite<\/li><\/ul><\/div><div><p>Proporcione nuestro n\u00famero de fax <strong>954.667.2778<\/strong> a sus socios comerciales, familiares y amigos. Aseg\u00farese de que incluyan su nombre y n\u00famero de contacto local o correo electr\u00f3nico y le notificaremos cada vez que llegue un fax.<\/p><\/div><div><div class=\"EmptyPictures\">\u00a0<\/div><div class=\"ServiceContact\"><hr class=\"gradientTips\" \/><h4>\u00bfTiene alguna pregunta sobre nuestro servicio de fax?<\/h4><p>\u00bf Preguntas sobre el servicio de fax en\u00a0<strong>Pack and Go<\/strong> ?\u00a0Ll\u00e1menos al\u00a0<strong><span class=\"RsaTelephone\"><a href=\"tel:954.667.2778\">954.667.2778<\/a><\/span><\/strong> o haga clic en el bot\u00f3n de abajo para enviarnos un mensaje\u00a0<\/p><\/div><\/div>\t\t\t\t\t\t\t\t<\/div>\n\t\t\t\t<\/div>\n\t\t\t\t\t<\/div>\n\t\t<\/div>\n\t\t\t\t\t<\/div>\n\t\t<\/section>\n\t\t\t\t<section class=\"elementor-section elementor-top-section elementor-element elementor-element-aef534e elementor-section-boxed elementor-section-height-default elementor-section-height-default\" data-id=\"aef534e\" data-element_type=\"section\">\n\t\t\t\t\t\t<div class=\"elementor-container elementor-column-gap-default\">\n\t\t\t\t\t<div class=\"elementor-column elementor-col-100 elementor-top-column elementor-element elementor-element-54f6392\" data-id=\"54f6392\" data-element_type=\"column\">\n\t\t\t<div class=\"elementor-widget-wrap elementor-element-populated\">\n\t\t\t\t\t\t<div class=\"elementor-element elementor-element-61b5767 elementor-widget elementor-widget-text-editor\" data-id=\"61b5767\" data-element_type=\"widget\" data-widget_type=\"text-editor.default\">\n\t\t\t\t<div class=\"elementor-widget-container\">\n\t\t\t\t\t\t\t\t\t<p><a href=\"https:\/\/www.facebook.com\/packngoenvios\">Contactanos<\/a><\/p>\t\t\t\t\t\t\t\t<\/div>\n\t\t\t\t<\/div>\n\t\t\t\t\t<\/div>\n\t\t<\/div>\n\t\t\t\t\t<\/div>\n\t\t<\/section>\n\t\t\t\t<\/div>\n\t\t","protected":false},"excerpt":{"rendered":"<p>Servicios de fax en Pembroke Pines, FL \u00bfNo hay m\u00e1quina de fax en casa?&nbsp;Podemos ayudar. [&hellip;]<\/p>\n","protected":false},"author":1,"featured_media":0,"parent":0,"menu_order":0,"comment_status":"closed","ping_status":"closed","template":"","meta":{"footnotes":""},"class_list":["post-2437","page","type-page","status-publish","hentry"],"aioseo_notices":[],"_links":{"self":[{"href":"https:\/\/packngoenvios.com\/index.php?rest_route=\/wp\/v2\/pages\/2437","targetHints":{"allow":["GET"]}}],"collection":[{"href":"https:\/\/packngoenvios.com\/index.php?rest_route=\/wp\/v2\/pages"}],"about":[{"href":"https:\/\/packngoenvios.com\/index.php?rest_route=\/wp\/v2\/types\/page"}],"author":[{"embeddable":true,"href":"https:\/\/packngoenvios.com\/index.php?rest_route=\/wp\/v2\/users\/1"}],"replies":[{"embeddable":true,"href":"https:\/\/packngoenvios.com\/index.php?rest_route=%2Fwp%2Fv2%2Fcomments&post=2437"}],"version-history":[{"count":11,"href":"https:\/\/packngoenvios.com\/index.php?rest_route=\/wp\/v2\/pages\/2437\/revisions"}],"predecessor-version":[{"id":2783,"href":"https:\/\/packngoenvios.com\/index.php?rest_route=\/wp\/v2\/pages\/2437\/revisions\/2783"}],"wp:attachment":[{"href":"https:\/\/packngoenvios.com\/index.php?rest_route=%2Fwp%2Fv2%2Fmedia&parent=2437"}],"curies":[{"name":"wp","href":"https:\/\/api.w.org\/{rel}","templated":true}]}}