{"id":2440,"date":"2022-07-13T16:38:37","date_gmt":"2022-07-13T16:38:37","guid":{"rendered":"http:\/\/packngoenvios.com\/?page_id=2440"},"modified":"2023-01-23T20:41:13","modified_gmt":"2023-01-23T20:41:13","slug":"notario-publico","status":"publish","type":"page","link":"https:\/\/packngoenvios.com\/?page_id=2440","title":{"rendered":"Notario Publico"},"content":{"rendered":"\t\t<div data-elementor-type=\"wp-page\" data-elementor-id=\"2440\" class=\"elementor elementor-2440\">\n\t\t\t\t\t\t<section class=\"elementor-section elementor-top-section elementor-element elementor-element-ad48878 elementor-section-boxed elementor-section-height-default elementor-section-height-default\" data-id=\"ad48878\" data-element_type=\"section\">\n\t\t\t\t\t\t<div class=\"elementor-container elementor-column-gap-default\">\n\t\t\t\t\t<div class=\"elementor-column elementor-col-100 elementor-top-column elementor-element elementor-element-dcf7162\" data-id=\"dcf7162\" data-element_type=\"column\">\n\t\t\t<div class=\"elementor-widget-wrap elementor-element-populated\">\n\t\t\t\t\t\t<div class=\"elementor-element elementor-element-60e0e66 elementor-widget elementor-widget-image\" data-id=\"60e0e66\" data-element_type=\"widget\" data-widget_type=\"image.default\">\n\t\t\t\t<div class=\"elementor-widget-container\">\n\t\t\t\t\t\t\t\t\t\t\t\t\t\t\t<img fetchpriority=\"high\" decoding=\"async\" width=\"1536\" height=\"664\" src=\"https:\/\/packngoenvios.com\/wp-content\/uploads\/2022\/07\/Notary-2_1-1-1536x664.jpg\" class=\"attachment-1536x1536 size-1536x1536 wp-image-2461\" alt=\"\" srcset=\"https:\/\/packngoenvios.com\/wp-content\/uploads\/2022\/07\/Notary-2_1-1-1536x664.jpg 1536w, https:\/\/packngoenvios.com\/wp-content\/uploads\/2022\/07\/Notary-2_1-1-300x130.jpg 300w, https:\/\/packngoenvios.com\/wp-content\/uploads\/2022\/07\/Notary-2_1-1-1024x443.jpg 1024w, https:\/\/packngoenvios.com\/wp-content\/uploads\/2022\/07\/Notary-2_1-1-768x332.jpg 768w, https:\/\/packngoenvios.com\/wp-content\/uploads\/2022\/07\/Notary-2_1-1-2048x885.jpg 2048w\" sizes=\"(max-width: 1536px) 100vw, 1536px\" \/>\t\t\t\t\t\t\t\t\t\t\t\t\t\t\t<\/div>\n\t\t\t\t<\/div>\n\t\t\t\t\t<\/div>\n\t\t<\/div>\n\t\t\t\t\t<\/div>\n\t\t<\/section>\n\t\t\t\t<section class=\"elementor-section elementor-top-section elementor-element elementor-element-ffbbe24 elementor-section-boxed elementor-section-height-default elementor-section-height-default\" data-id=\"ffbbe24\" data-element_type=\"section\">\n\t\t\t\t\t\t<div class=\"elementor-container elementor-column-gap-default\">\n\t\t\t\t\t<div class=\"elementor-column elementor-col-100 elementor-top-column elementor-element elementor-element-21be45c\" data-id=\"21be45c\" data-element_type=\"column\">\n\t\t\t<div class=\"elementor-widget-wrap elementor-element-populated\">\n\t\t\t\t\t\t<div class=\"elementor-element elementor-element-35a0375 elementor-widget elementor-widget-text-editor\" data-id=\"35a0375\" data-element_type=\"widget\" data-widget_type=\"text-editor.default\">\n\t\t\t\t<div class=\"elementor-widget-container\">\n\t\t\t\t\t\t\t\t\t<div class=\"ServiceBody\"><h1>Servicios de notario p\u00fablico en North Fort Myers, FL<\/h1><h2>Conveniente notario p\u00fablico en el lugar de lunes a s\u00e1bado<\/h2><p>Encontrar un notario p\u00fablico en\u00a0<strong>North Fort Myers, FL<\/strong>\u00a0siempre que lo necesite ha sido un desaf\u00edo, hasta ahora.\u00a0Nuestros profesionales notarios en el sitio manejar\u00e1n sus documentos confidenciales de manera r\u00e1pida, precisa y de acuerdo con los requisitos legales, por lo que estar\u00e1 seguro sabiendo que &#8220;todas las T fueron cruzadas y Is punteadas&#8221;.<\/p><\/div><h2>Venga a vernos cuando necesite servicio notarial para:<\/h2><div class=\"arrow_list_3col\"><ul><li>Contratos<\/li><li>Documentos legales<\/li><li>Documentos inmobiliarios<\/li><li>Hojas de permiso escolar<\/li><li>Formularios de autorizaci\u00f3n m\u00e9dica<\/li><li>Transferencias de t\u00edtulos de autom\u00f3viles<\/li><li>Poder legal<\/li><li>Kits de identificaci\u00f3n para ni\u00f1os<\/li><\/ul><\/div><div><div class=\"EmptyPictures\">\u00a0<\/div><div class=\"ServiceContact\"><hr class=\"gradientTips\" \/><h4>\u00bfTiene alguna pregunta sobre nuestro servicio de notario?<\/h4><p>Llame al <strong><span class=\"RsaTelephone\"><a href=\"tel:954.667.2778\">954.667.2778<\/a><\/span><\/strong>\u00a0si tiene alguna pregunta o desea hablar con nuestro notario p\u00fablico.\u00a0\u00bfNo tienes prisa?\u00a0Haga clic en el bot\u00f3n de abajo para enviarnos un mensaje.<\/p><\/div><\/div>\t\t\t\t\t\t\t\t<\/div>\n\t\t\t\t<\/div>\n\t\t\t\t\t<\/div>\n\t\t<\/div>\n\t\t\t\t\t<\/div>\n\t\t<\/section>\n\t\t\t\t<section class=\"elementor-section elementor-top-section elementor-element elementor-element-d83c02b elementor-section-boxed elementor-section-height-default elementor-section-height-default\" data-id=\"d83c02b\" data-element_type=\"section\">\n\t\t\t\t\t\t<div class=\"elementor-container elementor-column-gap-default\">\n\t\t\t\t\t<div class=\"elementor-column elementor-col-100 elementor-top-column elementor-element elementor-element-5578e39\" data-id=\"5578e39\" data-element_type=\"column\">\n\t\t\t<div class=\"elementor-widget-wrap elementor-element-populated\">\n\t\t\t\t\t\t<div class=\"elementor-element elementor-element-89f5ef7 elementor-widget elementor-widget-button\" data-id=\"89f5ef7\" data-element_type=\"widget\" data-widget_type=\"button.default\">\n\t\t\t\t<div class=\"elementor-widget-container\">\n\t\t\t\t\t\t\t\t\t<div class=\"elementor-button-wrapper\">\n\t\t\t\t\t<a class=\"elementor-button elementor-button-link elementor-size-sm\" href=\"https:\/\/www.facebook.com\/packngoenvios\">\n\t\t\t\t\t\t<span class=\"elementor-button-content-wrapper\">\n\t\t\t\t\t\t\t\t\t<span class=\"elementor-button-text\">Contactanos<\/span>\n\t\t\t\t\t<\/span>\n\t\t\t\t\t<\/a>\n\t\t\t\t<\/div>\n\t\t\t\t\t\t\t\t<\/div>\n\t\t\t\t<\/div>\n\t\t\t\t\t<\/div>\n\t\t<\/div>\n\t\t\t\t\t<\/div>\n\t\t<\/section>\n\t\t\t\t<\/div>\n\t\t","protected":false},"excerpt":{"rendered":"<p>Servicios de notario p\u00fablico en North Fort Myers, FL Conveniente notario p\u00fablico en el lugar [&hellip;]<\/p>\n","protected":false},"author":1,"featured_media":0,"parent":0,"menu_order":0,"comment_status":"closed","ping_status":"closed","template":"","meta":{"footnotes":""},"class_list":["post-2440","page","type-page","status-publish","hentry"],"aioseo_notices":[],"_links":{"self":[{"href":"https:\/\/packngoenvios.com\/index.php?rest_route=\/wp\/v2\/pages\/2440","targetHints":{"allow":["GET"]}}],"collection":[{"href":"https:\/\/packngoenvios.com\/index.php?rest_route=\/wp\/v2\/pages"}],"about":[{"href":"https:\/\/packngoenvios.com\/index.php?rest_route=\/wp\/v2\/types\/page"}],"author":[{"embeddable":true,"href":"https:\/\/packngoenvios.com\/index.php?rest_route=\/wp\/v2\/users\/1"}],"replies":[{"embeddable":true,"href":"https:\/\/packngoenvios.com\/index.php?rest_route=%2Fwp%2Fv2%2Fcomments&post=2440"}],"version-history":[{"count":8,"href":"https:\/\/packngoenvios.com\/index.php?rest_route=\/wp\/v2\/pages\/2440\/revisions"}],"predecessor-version":[{"id":2792,"href":"https:\/\/packngoenvios.com\/index.php?rest_route=\/wp\/v2\/pages\/2440\/revisions\/2792"}],"wp:attachment":[{"href":"https:\/\/packngoenvios.com\/index.php?rest_route=%2Fwp%2Fv2%2Fmedia&parent=2440"}],"curies":[{"name":"wp","href":"https:\/\/api.w.org\/{rel}","templated":true}]}}